{"id":1271,"date":"2021-07-26T15:51:21","date_gmt":"2021-07-26T15:51:21","guid":{"rendered":"http:\/\/dummy.xtemos.com\/woodmart2\/?page_id=1271"},"modified":"2024-08-28T21:53:02","modified_gmt":"2024-08-28T21:53:02","slug":"home-minimalism","status":"publish","type":"page","link":"https:\/\/www.brezzasofa.com\/en\/","title":{"rendered":"Home"},"content":{"rendered":"<div class=\"wpb-content-wrapper\"><div class=\"vc_row wpb_row vc_row-fluid vc_custom_1709980256544 wd-rs-65ec3a59d3f3e\"><div class=\"wpb_column vc_column_container vc_col-sm-12\"><div class=\"vc_column-inner\"><div class=\"wpb_wrapper\">\n\t\t\t<!-- START kabuk ajans slider REVOLUTION SLIDER 6.6.20 --><p class=\"rs-p-wp-fix\"><\/p>\n\t\t\t<rs-module-wrap id=\"woodmart-minimalist-slider_wrapper\" data-source=\"gallery\" style=\"visibility:hidden;background:transparent;padding:0;margin:0px auto;margin-top:0;margin-bottom:0;\">\n\t\t\t\t<rs-module id=\"woodmart-minimalist-slider\" style=\"\" data-version=\"6.6.20\">\n\t\t\t\t\t<rs-slides style=\"overflow: hidden; position: absolute;\">\n\t\t\t\t\t\t<rs-slide style=\"position: absolute;\" data-key=\"rs-2\" data-title=\"Anka K\u00f6\u015fe Koltuk\" data-anim=\"ms:600;\" data-in=\"o:0;\" data-out=\"a:false;\">\n\t\t\t\t\t\t\t<img decoding=\"async\" src=\"\/\/www.brezzasofa.com\/wp-content\/plugins\/revslider\/public\/assets\/assets\/dummy.png\" alt=\"Anka K\u00f6\u015fe Koltuk\" title=\"Home\" class=\"rev-slidebg tp-rs-img rs-lazyload\" data-lazyload=\"\/\/www.brezzasofa.com\/wp-content\/plugins\/revslider\/public\/assets\/assets\/transparent.png\" data-bg=\"p:right center;c:#fafafa;\" data-no-retina>\n<!--\n\t\t\t\t\t\t\t--><rs-layer\n\t\t\t\t\t\t\t\tid=\"slider-1-slide-2-layer-0\" \n\t\t\t\t\t\t\t\tdata-type=\"image\"\n\t\t\t\t\t\t\t\tdata-rsp_ch=\"on\"\n\t\t\t\t\t\t\t\tdata-xy=\"x:c;y:b;\"\n\t\t\t\t\t\t\t\tdata-text=\"w:normal;s:20,10,7,4;l:0,13,9,6;\"\n\t\t\t\t\t\t\t\tdata-dim=\"w:1920px,1024px,778px,480px;h:1280px,682px,518px,319px;\"\n\t\t\t\t\t\t\t\tdata-frame_999=\"o:0;st:w;\"\n\t\t\t\t\t\t\t\tstyle=\"z-index:5;\"\n\t\t\t\t\t\t\t><img decoding=\"async\" src=\"\/\/www.brezzasofa.com\/wp-content\/plugins\/revslider\/public\/assets\/assets\/dummy.png\" alt=\"\" class=\"tp-rs-img rs-lazyload\" width=\"1920\" height=\"1280\" data-lazyload=\"\/\/www.brezzasofa.com\/wp-content\/uploads\/2024\/02\/anka-kose-11.webp\" data-no-retina> \n\t\t\t\t\t\t\t<\/rs-layer><!--\n-->\t\t\t\t\t\t<\/rs-slide>\n\t\t\t\t\t\t<rs-slide style=\"position: absolute;\" data-key=\"rs-3\" data-title=\"New Cortes Koltuk Tak\u0131m\u0131\" data-anim=\"ms:600;\" data-in=\"o:0;\" data-out=\"a:false;\">\n\t\t\t\t\t\t\t<img decoding=\"async\" src=\"\/\/www.brezzasofa.com\/wp-content\/plugins\/revslider\/public\/assets\/assets\/dummy.png\" alt=\"New Cortes Koltuk Tak\u0131m\u0131\" title=\"Home\" class=\"rev-slidebg tp-rs-img rs-lazyload\" data-lazyload=\"\/\/www.brezzasofa.com\/wp-content\/plugins\/revslider\/public\/assets\/assets\/transparent.png\" data-bg=\"p:right center;c:#fafafa;\" data-no-retina>\n<!--\n\t\t\t\t\t\t\t--><rs-layer\n\t\t\t\t\t\t\t\tid=\"slider-1-slide-3-layer-0\" \n\t\t\t\t\t\t\t\tdata-type=\"image\"\n\t\t\t\t\t\t\t\tdata-rsp_ch=\"on\"\n\t\t\t\t\t\t\t\tdata-xy=\"x:c;y:b;\"\n\t\t\t\t\t\t\t\tdata-text=\"w:normal;s:20,10,7,4;l:0,13,9,6;\"\n\t\t\t\t\t\t\t\tdata-dim=\"w:1920px,1024px,778px,480px;h:1280px,682px,518px,319px;\"\n\t\t\t\t\t\t\t\tdata-frame_999=\"o:0;st:w;\"\n\t\t\t\t\t\t\t\tstyle=\"z-index:5;\"\n\t\t\t\t\t\t\t><img decoding=\"async\" src=\"\/\/www.brezzasofa.com\/wp-content\/plugins\/revslider\/public\/assets\/assets\/dummy.png\" alt=\"\" class=\"tp-rs-img rs-lazyload\" width=\"1920\" height=\"1280\" data-lazyload=\"\/\/www.brezzasofa.com\/wp-content\/uploads\/2024\/02\/new-cortes-8.webp\" data-no-retina> \n\t\t\t\t\t\t\t<\/rs-layer><!--\n-->\t\t\t\t\t\t<\/rs-slide>\n\t\t\t\t\t\t<rs-slide style=\"position: absolute;\" data-key=\"rs-4\" data-title=\"Klara Koltuk Tak\u0131m\u0131\" data-anim=\"ms:600;\" data-in=\"o:0;\" data-out=\"a:false;\">\n\t\t\t\t\t\t\t<img decoding=\"async\" src=\"\/\/www.brezzasofa.com\/wp-content\/plugins\/revslider\/public\/assets\/assets\/dummy.png\" alt=\"Klara Koltuk Tak\u0131m\u0131\" title=\"Home\" class=\"rev-slidebg tp-rs-img rs-lazyload\" data-lazyload=\"\/\/www.brezzasofa.com\/wp-content\/plugins\/revslider\/public\/assets\/assets\/transparent.png\" data-bg=\"p:right center;c:#fafafa;\" data-no-retina>\n<!--\n\t\t\t\t\t\t\t--><rs-layer\n\t\t\t\t\t\t\t\tid=\"slider-1-slide-4-layer-0\" \n\t\t\t\t\t\t\t\tdata-type=\"image\"\n\t\t\t\t\t\t\t\tdata-rsp_ch=\"on\"\n\t\t\t\t\t\t\t\tdata-xy=\"x:c;y:b;\"\n\t\t\t\t\t\t\t\tdata-text=\"w:normal;s:20,10,7,4;l:0,13,9,6;\"\n\t\t\t\t\t\t\t\tdata-dim=\"w:1920px,1024px,778px,480px;h:1280px,682px,518px,319px;\"\n\t\t\t\t\t\t\t\tdata-frame_999=\"o:0;st:w;\"\n\t\t\t\t\t\t\t\tstyle=\"z-index:5;\"\n\t\t\t\t\t\t\t><img decoding=\"async\" src=\"\/\/www.brezzasofa.com\/wp-content\/plugins\/revslider\/public\/assets\/assets\/dummy.png\" alt=\"\" class=\"tp-rs-img rs-lazyload\" width=\"1920\" height=\"1280\" data-lazyload=\"\/\/www.brezzasofa.com\/wp-content\/uploads\/2024\/02\/klara-1.webp\" data-no-retina> \n\t\t\t\t\t\t\t<\/rs-layer><!--\n-->\t\t\t\t\t\t<\/rs-slide>\n\t\t\t\t\t<\/rs-slides>\n\t\t\t\t<\/rs-module>\n\t\t\t\t<script>\n\t\t\t\t\tsetREVStartSize({c: 'woodmart-minimalist-slider',rl:[1240,1024,778,480],el:[900,576,960,720],gw:[1920,1024,778,480],gh:[900,426,324,200],type:'standard',justify:'',layout:'fullwidth',mh:\"0\"});if (window.RS_MODULES!==undefined && window.RS_MODULES.modules!==undefined && window.RS_MODULES.modules[\"woodmartminimalistslider\"]!==undefined) {window.RS_MODULES.modules[\"woodmartminimalistslider\"].once = false;window.revapi1 = undefined;if (window.RS_MODULES.checkMinimal!==undefined) window.RS_MODULES.checkMinimal()}\n\t\t\t\t<\/script>\n\t\t\t<\/rs-module-wrap>\n\t\t\t<!-- END REVOLUTION SLIDER -->\n<\/div><\/div><\/div><\/div><div data-vc-full-width=\"true\" data-vc-full-width-init=\"false\" data-vc-stretch-content=\"true\" class=\"vc_row wpb_row vc_row-fluid vc_custom_1722259042433 wd-rs-66a7965304298\"><div class=\"wpb_column vc_column_container vc_col-sm-12\"><div class=\"vc_column-inner vc_custom_1556607289232\"><div class=\"wpb_wrapper\"><div class=\"vc_row wpb_row vc_inner vc_row-fluid vc_custom_1722259084261 wd-rs-66a796828ba30\"><div class=\"wpb_column vc_column_container vc_col-sm-4\"><div class=\"vc_column-inner\"><div class=\"wpb_wrapper\"><\/div><\/div><\/div><div class=\"wpb_column vc_column_container vc_col-sm-4\"><div class=\"vc_column-inner\"><div class=\"wpb_wrapper\">\n\t\t<div id=\"wd-66a79712caeaa\" class=\"title-wrapper wd-wpb set-mb-s reset-last-child  wd-rs-66a79712caeaa wd-title-color-primary wd-title-style-default text-center wd-off-anim wpb_animate_when_almost_visible wpb_fadeInUp fadeInUp wd-anim-name_fadeInUp  wd-underline-colored\">\n\t\t\t\n\t\t\t<div class=\"liner-continer\">\n\t\t\t\t<h2 class=\"woodmart-title-container title  wd-font-weight-700 wd-fontsize-xl\" >Who We Are?<\/h2>\n\t\t\t\t\t\t\t<\/div>\n\t\t\t\n\t\t\t\t\t\t\t<div class=\"title-after_title  set-cont-mb-s reset-last-child  wd-fontsize-s\">2009 y\u0131l\u0131nda Brezza olarak mobilya sekt\u00f6r\u00fcne \u0130stanbul'da ad\u0131m att\u0131k. At\u00f6lye ile ba\u015flad\u0131\u011f\u0131m\u0131z koltuk \u00fcretiminde elde etti\u011fimiz deneyim ve ba\u015far\u0131y\u0131 harmanlayarak k\u0131sa vadede uzun yollar kat ettik. \u0130ki y\u0131l\u0131 a\u015fk\u0131n s\u00fcredir faaliyet g\u00f6sterdi\u011fimiz teknolojiyle entegre fabrikam\u0131zda her ge\u00e7en g\u00fcn kendimizi geli\u015ftirerek daha iyisini \u00fcretme hedefiyle \u00fcretime devam ediyoruz.<\/div>\n\t\t\t\n\t\t\t\n\t\t<\/div>\n\t\t\n\t\t<\/div><\/div><\/div><div class=\"wpb_column vc_column_container vc_col-sm-4\"><div class=\"vc_column-inner\"><div class=\"wpb_wrapper\"><\/div><\/div><\/div><\/div><\/div><\/div><\/div><\/div><div class=\"vc_row-full-width vc_clearfix\"><\/div><div data-vc-full-width=\"true\" data-vc-full-width-init=\"false\" data-vc-stretch-content=\"true\" class=\"vc_row wpb_row vc_row-fluid vc_custom_1722258638906 wd-rs-66a794b5d9eb1\"><div class=\"wpb_column vc_column_container vc_col-sm-12\"><div class=\"vc_column-inner vc_custom_1556607289232\"><div class=\"wpb_wrapper\">\n\t\t\t<div id=\"carousel-644\" class=\"wd-carousel-container banners-carousel-wrapper   wd-rs-65e9f7a98c930\">\n\t\t\t\t<div class=\"wd-carousel-inner\">\n\t\t\t\t\t<div class=\"wd-carousel wd-grid banners-carousel\" data-scroll_per_page=\"yes\" style=\"--wd-col-lg:4;--wd-col-md:4;--wd-col-sm:1;--wd-gap-lg:20px;--wd-gap-sm:10px;\">\n\t\t\t\t\t\t<div class=\"wd-carousel-wrap\">\n\t\t\t\t\t\t\t\t\t<div class=\"promo-banner-wrapper  wd-rs-65ebad60be281  wd-carousel-item wd-width-custom\">\n\t\t\t<div id=\"wd-65ebad60be281\" class=\"promo-banner  banner- banner-hover-zoom color-scheme-light banner-btn-size-small banner-btn-style-default  with-btn banner-btn-position-static wd-with-link wd-underline-colored\">\n\t\t\t\t<div class=\"main-wrapp-img\">\n\t\t\t\t\t<div class=\"banner-image wd-bg-position-center\" >\n\t\t\t\t\t\t<img loading=\"lazy\" decoding=\"async\" width=\"1920\" height=\"1280\" src=\"https:\/\/www.brezzasofa.com\/wp-content\/uploads\/2024\/02\/new-cortes-1.webp\" class=\"attachment-full size-full\" alt=\"\" \/>\t\t\t\t\t<\/div>\n\t\t\t\t<\/div>\n\n\t\t\t\t<div class=\"wrapper-content-banner wd-fill  wd-items-middle wd-justify-left\">\n\t\t\t\t\t<div class=\"content-banner  text-left\">\n\t\t\t\t\t\t<h2 class=\"banner-title wd-font-weight- wd-fontsize-xxl\">SOFA SETS<\/h2>\t\t\t\t\t\t\n\t\t\t\t\t\t\n\t\t\t\t\t\t<div class=\"banner-btn-wrapper\"><div id=\"wd-69d25c9b9d50f\" class=\"wd-button-wrapper text-left\"><a href=\"\/en\/koltuk-takimlari\/\" title=\"\" class=\"btn btn-color-primary btn-style-default btn-style-rectangle btn-size-small\">\u0130NCELE<\/a><\/div><\/div>\t\t\t\t\t<\/div>\n\t\t\t\t<\/div>\n\n\t\t\t\t\t\t\t\t\t<a class=\"wd-promo-banner-link wd-fill\" aria-label=\"Banner link\" href=\"\/en\/koltuk-takimlari\/\" title=\"\"><\/a>\n\t\t\t\t\n\t\t\t\t\t\t\t<\/div>\n\t\t<\/div>\n\n\t\t\t\t<div class=\"promo-banner-wrapper  wd-rs-66999120c9a45  wd-carousel-item wd-width-custom\">\n\t\t\t<div id=\"wd-66999120c9a45\" class=\"promo-banner  banner- banner-hover-zoom color-scheme-light banner-btn-size-small banner-btn-style-default  with-btn banner-btn-position-static wd-with-link wd-underline-colored\">\n\t\t\t\t<div class=\"main-wrapp-img\">\n\t\t\t\t\t<div class=\"banner-image wd-bg-position-center\" >\n\t\t\t\t\t\t<img loading=\"lazy\" decoding=\"async\" width=\"1920\" height=\"1280\" src=\"https:\/\/www.brezzasofa.com\/wp-content\/uploads\/2024\/02\/kose-4.webp\" class=\"attachment-full size-full\" alt=\"\" \/>\t\t\t\t\t<\/div>\n\t\t\t\t<\/div>\n\n\t\t\t\t<div class=\"wrapper-content-banner wd-fill  wd-items-middle wd-justify-left\">\n\t\t\t\t\t<div class=\"content-banner  text-left\">\n\t\t\t\t\t\t<h2 class=\"banner-title wd-font-weight- wd-fontsize-xxl\">CORNER SOFA<\/h2>\t\t\t\t\t\t\n\t\t\t\t\t\t\n\t\t\t\t\t\t<div class=\"banner-btn-wrapper\"><div id=\"wd-69d25c9b9db6c\" class=\"wd-button-wrapper text-left\"><a href=\"\/en\/kose-koltuklar\/\" title=\"\" class=\"btn btn-color-primary btn-style-default btn-style-rectangle btn-size-small\">\u0130NCELE<\/a><\/div><\/div>\t\t\t\t\t<\/div>\n\t\t\t\t<\/div>\n\n\t\t\t\t\t\t\t\t\t<a class=\"wd-promo-banner-link wd-fill\" aria-label=\"Banner link\" href=\"\/en\/kose-koltuklar\/\" title=\"\"><\/a>\n\t\t\t\t\n\t\t\t\t\t\t\t<\/div>\n\t\t<\/div>\n\n\t\t\t\t<div class=\"promo-banner-wrapper  wd-rs-65de56922ffb8  wd-carousel-item wd-width-custom\">\n\t\t\t<div id=\"wd-65de56922ffb8\" class=\"promo-banner  banner- banner-hover-zoom color-scheme-light banner-btn-size-small banner-btn-style-default  with-btn banner-btn-position-static wd-with-link wd-underline-colored\">\n\t\t\t\t<div class=\"main-wrapp-img\">\n\t\t\t\t\t<div class=\"banner-image wd-bg-position-center\" >\n\t\t\t\t\t\t<img loading=\"lazy\" decoding=\"async\" width=\"1920\" height=\"1280\" src=\"https:\/\/www.brezzasofa.com\/wp-content\/uploads\/2024\/02\/berjer1.webp\" class=\"attachment-full size-full\" alt=\"\" \/>\t\t\t\t\t<\/div>\n\t\t\t\t<\/div>\n\n\t\t\t\t<div class=\"wrapper-content-banner wd-fill  wd-items-middle wd-justify-left\">\n\t\t\t\t\t<div class=\"content-banner  text-left\">\n\t\t\t\t\t\t<h2 class=\"banner-title wd-font-weight- wd-fontsize-xxl\">BERGERES<\/h2>\t\t\t\t\t\t\n\t\t\t\t\t\t\n\t\t\t\t\t\t<div class=\"banner-btn-wrapper\"><div id=\"wd-69d25c9b9df26\" class=\"wd-button-wrapper text-left\"><a href=\"\/en\/berjerler\/\" title=\"\" class=\"btn btn-color-primary btn-style-default btn-style-rectangle btn-size-small\">\u0130NCELE<\/a><\/div><\/div>\t\t\t\t\t<\/div>\n\t\t\t\t<\/div>\n\n\t\t\t\t\t\t\t\t\t<a class=\"wd-promo-banner-link wd-fill\" aria-label=\"Banner link\" href=\"\/en\/berjerler\/\" title=\"\"><\/a>\n\t\t\t\t\n\t\t\t\t\t\t\t<\/div>\n\t\t<\/div>\n\n\t\t\t\t<div class=\"promo-banner-wrapper  wd-rs-65e9f7fc3df0a  wd-carousel-item wd-width-custom\">\n\t\t\t<div id=\"wd-65e9f7fc3df0a\" class=\"promo-banner  banner- banner-hover-zoom color-scheme-light banner-btn-size-small banner-btn-style-default  with-btn banner-btn-position-static wd-with-link wd-underline-colored\">\n\t\t\t\t<div class=\"main-wrapp-img\">\n\t\t\t\t\t<div class=\"banner-image wd-bg-position-center\" >\n\t\t\t\t\t\t<img loading=\"lazy\" decoding=\"async\" width=\"1920\" height=\"1280\" src=\"https:\/\/www.brezzasofa.com\/wp-content\/uploads\/2024\/03\/milano-sehpa-1.webp\" class=\"attachment-full size-full\" alt=\"\" \/>\t\t\t\t\t<\/div>\n\t\t\t\t<\/div>\n\n\t\t\t\t<div class=\"wrapper-content-banner wd-fill  wd-items-middle wd-justify-left\">\n\t\t\t\t\t<div class=\"content-banner  text-left\">\n\t\t\t\t\t\t<h2 class=\"banner-title wd-font-weight- wd-fontsize-xxl\">COMPLEMENTARY PRODUCTS<\/h2>\t\t\t\t\t\t\n\t\t\t\t\t\t\n\t\t\t\t\t\t<div class=\"banner-btn-wrapper\"><div id=\"wd-69d25c9b9e2c6\" class=\"wd-button-wrapper text-left\"><a href=\"\/en\/tamamlayici-urunler\/\" title=\"\" class=\"btn btn-color-primary btn-style-default btn-style-rectangle btn-size-small\">\u0130NCELE<\/a><\/div><\/div>\t\t\t\t\t<\/div>\n\t\t\t\t<\/div>\n\n\t\t\t\t\t\t\t\t\t<a class=\"wd-promo-banner-link wd-fill\" aria-label=\"Banner link\" href=\"\/en\/tamamlayici-urunler\/\" title=\"\"><\/a>\n\t\t\t\t\n\t\t\t\t\t\t\t<\/div>\n\t\t<\/div>\n\n\t\t\t\t\t\t\t\t<\/div>\n\t\t\t\t\t<\/div>\n\n\t\t\t\t\t\t\t\t\t\t\t\t\t<div class=\"wd-nav-arrows wd-pos-sep wd-hover-1 wd-icon-1\">\n\t\t\t<div class=\"wd-btn-arrow wd-prev wd-disabled\">\n\t\t\t\t<div class=\"wd-arrow-inner\"><\/div>\n\t\t\t<\/div>\n\t\t\t<div class=\"wd-btn-arrow wd-next\">\n\t\t\t\t<div class=\"wd-arrow-inner\"><\/div>\n\t\t\t<\/div>\n\t\t<\/div>\n\t\t\t\t\t\t\t\t\t\t\t<\/div>\n\n\t\t\t\t\t\t\t\t\t\t\t<\/div>\n\n\t\t<\/div><\/div><\/div><\/div><div class=\"vc_row-full-width vc_clearfix\"><\/div><div class=\"vc_row wpb_row vc_row-fluid vc_custom_1722259000329 wd-rs-66a7962d35958\"><div class=\"wpb_column vc_column_container vc_col-sm-4\"><div class=\"vc_column-inner\"><div class=\"wpb_wrapper\"><\/div><\/div><\/div><div class=\"wpb_column vc_column_container vc_col-sm-4\"><div class=\"vc_column-inner\"><div class=\"wpb_wrapper\">\n\t\t<div id=\"wd-62bab64b1f335\" class=\"title-wrapper wd-wpb set-mb-s reset-last-child  wd-rs-62bab64b1f335 wd-title-color-primary wd-title-style-default text-center wd-off-anim wpb_animate_when_almost_visible wpb_fadeInUp fadeInUp wd-anim-name_fadeInUp  wd-underline-colored\">\n\t\t\t\n\t\t\t<div class=\"liner-continer\">\n\t\t\t\t<h2 class=\"woodmart-title-container title  wd-font-weight-700 wd-fontsize-xl\" >SOCIAL MEDIA<\/h2>\n\t\t\t\t\t\t\t<\/div>\n\t\t\t\n\t\t\t\t\t\t\t<div class=\"title-after_title  set-cont-mb-s reset-last-child  wd-fontsize-s\">You can follow us via our social media accounts.<\/div>\n\t\t\t\n\t\t\t\n\t\t<\/div>\n\t\t\n\t\t\n\t\t\t<div class=\"wd-rs-66a7974ab164f wd-social-icons vc_custom_1722259288209 icons-design-default icons-size-large color-scheme-dark social-follow social-form-circle text-center\">\n\n\t\t\t\t\n\t\t\t\t\t\t\t\t\t<a rel=\"noopener noreferrer nofollow\" href=\"https:\/\/www.facebook.com\/brezzasofa\" target=\"_blank\" class=\"wd-social-icon social-facebook\" aria-label=\"Facebook social link\">\n\t\t\t\t\t\t<span class=\"wd-icon\"><\/span>\n\t\t\t\t\t\t\t\t\t\t\t<\/a>\n\t\t\t\t\n\t\t\t\t\n\t\t\t\t\n\t\t\t\t\t\t\t\t\t<a rel=\"noopener noreferrer nofollow\" href=\"https:\/\/www.instagram.com\/brezzasofa\/\" target=\"_blank\" class=\"wd-social-icon social-instagram\" aria-label=\"Instagram social link\">\n\t\t\t\t\t\t<span class=\"wd-icon\"><\/span>\n\t\t\t\t\t\t\t\t\t\t\t<\/a>\n\t\t\t\t\n\t\t\t\t\n\t\t\t\t\n\t\t\t\t\n\t\t\t\t\n\t\t\t\t\n\t\t\t\t\n\t\t\t\t\n\t\t\t\t\n\t\t\t\t\n\t\t\t\t\n\t\t\t\t\n\t\t\t\t\n\t\t\t\t\n\t\t\t\t\t\t\t\t\n\t\t\t\t\t\t\t\t\n\t\t\t\t\n\t\t\t\t\n\t\t\t\t\t\t\t\t\n\t\t\t\t\n\t\t\t<\/div>\n\n\t\t<\/div><\/div><\/div><div class=\"wpb_column vc_column_container vc_col-sm-4\"><div class=\"vc_column-inner\"><div class=\"wpb_wrapper\"><\/div><\/div><\/div><\/div>\n<\/div>","protected":false},"excerpt":{"rendered":"Biz Kimiz? 2009 y\u0131l\u0131nda Brezza olarak mobilya sekt\u00f6r\u00fcne \u0130stanbul'da ad\u0131m att\u0131k. At\u00f6lye ile ba\u015flad\u0131\u011f\u0131m\u0131z koltuk \u00fcretiminde elde etti\u011fimiz deneyim ve","protected":false},"author":1,"featured_media":0,"parent":0,"menu_order":0,"comment_status":"closed","ping_status":"closed","template":"","meta":{"footnotes":""},"class_list":["post-1271","page","type-page","status-publish","hentry"],"yoast_head":"<!-- This site is optimized with the Yoast SEO plugin v23.3 - https:\/\/yoast.com\/wordpress\/plugins\/seo\/ -->\n<title>Brezza Sofa &#187; Anasayfa<\/title>\n<meta name=\"robots\" content=\"index, follow, max-snippet:-1, max-image-preview:large, max-video-preview:-1\" \/>\n<link rel=\"canonical\" href=\"https:\/\/www.brezzasofa.com\/en\/\" \/>\n<meta property=\"og:locale\" content=\"en_GB\" \/>\n<meta property=\"og:type\" content=\"article\" \/>\n<meta property=\"og:title\" content=\"Brezza Sofa &#187; Anasayfa\" \/>\n<meta property=\"og:url\" content=\"https:\/\/www.brezzasofa.com\/en\/\" \/>\n<meta property=\"og:site_name\" content=\"Brezza Sofa\" \/>\n<meta property=\"article:publisher\" content=\"https:\/\/www.facebook.com\/brezzasofa\/\" \/>\n<meta property=\"article:modified_time\" content=\"2024-08-28T21:53:02+00:00\" \/>\n<meta name=\"twitter:card\" content=\"summary_large_image\" \/>\n<meta name=\"twitter:label1\" content=\"Estimated reading time\" \/>\n\t<meta name=\"twitter:data1\" content=\"3 minutes\" \/>\n<script type=\"application\/ld+json\" class=\"yoast-schema-graph\">{\"@context\":\"https:\/\/schema.org\",\"@graph\":[{\"@type\":\"WebPage\",\"@id\":\"https:\/\/www.brezzasofa.com\/\",\"url\":\"https:\/\/www.brezzasofa.com\/\",\"name\":\"Brezza Sofa &#187; Anasayfa\",\"isPartOf\":{\"@id\":\"https:\/\/www.brezzasofa.com\/#website\"},\"datePublished\":\"2021-07-26T15:51:21+00:00\",\"dateModified\":\"2024-08-28T21:53:02+00:00\",\"breadcrumb\":{\"@id\":\"https:\/\/www.brezzasofa.com\/#breadcrumb\"},\"inLanguage\":\"en-GB\",\"potentialAction\":[{\"@type\":\"ReadAction\",\"target\":[\"https:\/\/www.brezzasofa.com\/\"]}]},{\"@type\":\"BreadcrumbList\",\"@id\":\"https:\/\/www.brezzasofa.com\/#breadcrumb\",\"itemListElement\":[{\"@type\":\"ListItem\",\"position\":1,\"name\":\"Anasayfa\",\"item\":\"https:\/\/www.brezzasofa.com\/\"},{\"@type\":\"ListItem\",\"position\":2,\"name\":\"Anasayfa\"}]},{\"@type\":\"WebSite\",\"@id\":\"https:\/\/www.brezzasofa.com\/#website\",\"url\":\"https:\/\/www.brezzasofa.com\/\",\"name\":\"Brezza Sofa\",\"description\":\"Memnuniyetiniz \u00f6nceli\u011fimizdir.\",\"publisher\":{\"@id\":\"https:\/\/www.brezzasofa.com\/#organization\"},\"alternateName\":\"brezza\",\"potentialAction\":[{\"@type\":\"SearchAction\",\"target\":{\"@type\":\"EntryPoint\",\"urlTemplate\":\"https:\/\/www.brezzasofa.com\/?s={search_term_string}\"},\"query-input\":\"required name=search_term_string\"}],\"inLanguage\":\"en-GB\"},{\"@type\":\"Organization\",\"@id\":\"https:\/\/www.brezzasofa.com\/#organization\",\"name\":\"Brezza Sofa\",\"alternateName\":\"brezza\",\"url\":\"https:\/\/www.brezzasofa.com\/\",\"logo\":{\"@type\":\"ImageObject\",\"inLanguage\":\"en-GB\",\"@id\":\"https:\/\/www.brezzasofa.com\/#\/schema\/logo\/image\/\",\"url\":\"https:\/\/www.brezzasofa.com\/wp-content\/uploads\/2024\/02\/logo.svg\",\"contentUrl\":\"https:\/\/www.brezzasofa.com\/wp-content\/uploads\/2024\/02\/logo.svg\",\"width\":625,\"height\":250,\"caption\":\"Brezza Sofa\"},\"image\":{\"@id\":\"https:\/\/www.brezzasofa.com\/#\/schema\/logo\/image\/\"},\"sameAs\":[\"https:\/\/www.facebook.com\/brezzasofa\/\",\"https:\/\/www.instagram.com\/brezzasofa\/\"]}]}<\/script>\n<!-- \/ Yoast SEO plugin. -->","yoast_head_json":{"title":"Brezza Sofa &#187; Anasayfa","robots":{"index":"index","follow":"follow","max-snippet":"max-snippet:-1","max-image-preview":"max-image-preview:large","max-video-preview":"max-video-preview:-1"},"canonical":"https:\/\/www.brezzasofa.com\/en\/","og_locale":"en_GB","og_type":"article","og_title":"Brezza Sofa &#187; Anasayfa","og_url":"https:\/\/www.brezzasofa.com\/en\/","og_site_name":"Brezza Sofa","article_publisher":"https:\/\/www.facebook.com\/brezzasofa\/","article_modified_time":"2024-08-28T21:53:02+00:00","twitter_card":"summary_large_image","twitter_misc":{"Estimated reading time":"3 minutes"},"schema":{"@context":"https:\/\/schema.org","@graph":[{"@type":"WebPage","@id":"https:\/\/www.brezzasofa.com\/","url":"https:\/\/www.brezzasofa.com\/","name":"Brezza Sofa &#187; Anasayfa","isPartOf":{"@id":"https:\/\/www.brezzasofa.com\/#website"},"datePublished":"2021-07-26T15:51:21+00:00","dateModified":"2024-08-28T21:53:02+00:00","breadcrumb":{"@id":"https:\/\/www.brezzasofa.com\/#breadcrumb"},"inLanguage":"en-GB","potentialAction":[{"@type":"ReadAction","target":["https:\/\/www.brezzasofa.com\/"]}]},{"@type":"BreadcrumbList","@id":"https:\/\/www.brezzasofa.com\/#breadcrumb","itemListElement":[{"@type":"ListItem","position":1,"name":"Anasayfa","item":"https:\/\/www.brezzasofa.com\/"},{"@type":"ListItem","position":2,"name":"Anasayfa"}]},{"@type":"WebSite","@id":"https:\/\/www.brezzasofa.com\/#website","url":"https:\/\/www.brezzasofa.com\/","name":"Brezza Sofa","description":"Memnuniyetiniz \u00f6nceli\u011fimizdir.","publisher":{"@id":"https:\/\/www.brezzasofa.com\/#organization"},"alternateName":"brezza","potentialAction":[{"@type":"SearchAction","target":{"@type":"EntryPoint","urlTemplate":"https:\/\/www.brezzasofa.com\/?s={search_term_string}"},"query-input":"required name=search_term_string"}],"inLanguage":"en-GB"},{"@type":"Organization","@id":"https:\/\/www.brezzasofa.com\/#organization","name":"Brezza Sofa","alternateName":"brezza","url":"https:\/\/www.brezzasofa.com\/","logo":{"@type":"ImageObject","inLanguage":"en-GB","@id":"https:\/\/www.brezzasofa.com\/#\/schema\/logo\/image\/","url":"https:\/\/www.brezzasofa.com\/wp-content\/uploads\/2024\/02\/logo.svg","contentUrl":"https:\/\/www.brezzasofa.com\/wp-content\/uploads\/2024\/02\/logo.svg","width":625,"height":250,"caption":"Brezza Sofa"},"image":{"@id":"https:\/\/www.brezzasofa.com\/#\/schema\/logo\/image\/"},"sameAs":["https:\/\/www.facebook.com\/brezzasofa\/","https:\/\/www.instagram.com\/brezzasofa\/"]}]}},"_links":{"self":[{"href":"https:\/\/www.brezzasofa.com\/en\/wp-json\/wp\/v2\/pages\/1271","targetHints":{"allow":["GET"]}}],"collection":[{"href":"https:\/\/www.brezzasofa.com\/en\/wp-json\/wp\/v2\/pages"}],"about":[{"href":"https:\/\/www.brezzasofa.com\/en\/wp-json\/wp\/v2\/types\/page"}],"author":[{"embeddable":true,"href":"https:\/\/www.brezzasofa.com\/en\/wp-json\/wp\/v2\/users\/1"}],"replies":[{"embeddable":true,"href":"https:\/\/www.brezzasofa.com\/en\/wp-json\/wp\/v2\/comments?post=1271"}],"version-history":[{"count":63,"href":"https:\/\/www.brezzasofa.com\/en\/wp-json\/wp\/v2\/pages\/1271\/revisions"}],"predecessor-version":[{"id":9977,"href":"https:\/\/www.brezzasofa.com\/en\/wp-json\/wp\/v2\/pages\/1271\/revisions\/9977"}],"wp:attachment":[{"href":"https:\/\/www.brezzasofa.com\/en\/wp-json\/wp\/v2\/media?parent=1271"}],"curies":[{"name":"wp","href":"https:\/\/api.w.org\/{rel}","templated":true}]}}