{"id":5288,"date":"2021-08-25T09:00:10","date_gmt":"2021-08-25T09:00:10","guid":{"rendered":"http:\/\/dummy.xtemos.com\/woodmart2\/?page_id=5288"},"modified":"2024-11-06T14:08:40","modified_gmt":"2024-11-06T14:08:40","slug":"iletisim","status":"publish","type":"page","link":"https:\/\/www.brezzasofa.com\/en\/iletisim\/","title":{"rendered":"Contact"},"content":{"rendered":"<div class=\"wpb-content-wrapper\"><div class=\"vc_row wpb_row vc_row-fluid vc_custom_1709944413746 wd-rs-65ebae59294f5 wd-section-stretch-content\"><div class=\"wpb_column vc_column_container vc_col-sm-12\"><div class=\"vc_column-inner\"><div class=\"wpb_wrapper\">\n\t<div class=\"wpb_text_column wpb_content_element\" >\n\t\t<div class=\"wpb_wrapper\">\n\t\t\t<div style=\"width: 100%;\"><iframe loading=\"lazy\" src=\"https:\/\/maps.google.com\/maps?width=100%25&amp;height=600&amp;hl=en&amp;q=Mobiliyum%20AVM%20B%20Etap%20No:%2023%20%C4%B0neg%C3%B6l\/Bursa\/T%C3%BCrkiye+(Brezza%20Sofa)&amp;t=&amp;z=14&amp;ie=UTF8&amp;iwloc=B&amp;output=embed\" width=\"100%\" height=\"600\" frameborder=\"0\" marginwidth=\"0\" marginheight=\"0\" scrolling=\"no\"><a href=\"https:\/\/www.gps.ie\/\">gps devices<\/a><\/iframe><\/div>\n\n\t\t<\/div>\n\t<\/div>\n<\/div><\/div><\/div><\/div><div data-vc-full-width=\"true\" data-vc-full-width-init=\"false\" class=\"vc_row wpb_row vc_row-fluid vc_custom_1709912471346 vc_row-has-fill wd-rs-65eb318f84308\"><div class=\"wpb_column vc_column_container vc_col-sm-12 wd-rs-6124f56a147a6\"><div class=\"vc_column-inner vc_custom_1629812075868\"><div class=\"wpb_wrapper\">\t\t<div id=\"wd-65e9bc382d4b4\" class=\"wd-text-block wd-wpb reset-last-child wd-rs-65e9bc382d4b4 hidden-md hidden-sm hidden-xs text-center color-scheme-light wd-font-weight-600 wd-fontsize-s font-primary vc_custom_1709816895325\">\n\t\t\t<p>B\u0130ZE ULA\u015eIN<\/p>\n\t\t<\/div>\n\t\t\n\t\t<div id=\"wd-65e9bc4047dd7\" class=\"title-wrapper wd-wpb set-mb-s reset-last-child  wd-rs-65e9bc4047dd7 wd-title-color-white wd-title-style-default text-center vc_custom_1709816907119 wd-width-enabled wd-underline-colored\" style=\"--wd-max-width: 50%;\">\n\t\t\t\n\t\t\t<div class=\"liner-continer\">\n\t\t\t\t<h4 class=\"woodmart-title-container title  wd-font-weight- wd-fontsize-xxxl\" >\u0130leti\u015fim Bilgilerimiz<\/h4>\n\t\t\t\t\t\t\t<\/div>\n\t\t\t\n\t\t\t\n\t\t\t\n\t\t<\/div>\n\t\t\n\t\t<div class=\"vc_row wpb_row vc_inner vc_row-fluid\"><div class=\"wpb_column vc_column_container vc_col-sm-3\"><div class=\"vc_column-inner\"><div class=\"wpb_wrapper\"><\/div><\/div><\/div><div class=\"wpb_column vc_column_container vc_col-sm-3 wd-rs-65e9bd9b530ff\"><div class=\"vc_column-inner\"><div class=\"wpb_wrapper\">\t\t\t<div class=\"info-box-wrapper\">\n\t\t\t\t<div id=\"wd-65eb31373a789\" class=\"wd-rs-65eb31373a789 wd-info-box wd-wpb text-center box-icon-align-left box-style- color-scheme-light wd-bg-none wd-items-top vc_custom_1709912384053\">\n\t\t\t\t\t\t\t\t\t\t<div class=\"info-box-content\">\n\t\t\t\t\t\t<h4 class=\"info-box-title title box-title-style-default wd-fontsize-s\">FACTORY<\/h4>\t\t\t\t\t\t<div class=\"info-box-inner set-cont-mb-s reset-last-child\"><p>Cumhuriyet Mh. \u00c7al\u0131kavak Sk. No: 11\/1<br \/>\n\u0130neg\u00f6l\/Bursa\/T\u00fcrkiye<\/p>\n<\/div>\n\n\t\t\t\t\t\t\t\t\t\t\t<\/div>\n\n\t\t\t\t\t\n\t\t\t\t\t\t\t\t\t<\/div>\n\t\t\t<\/div>\n\t\t\t\t<div id=\"wd-672b78030ce74\" class=\"wd-text-block wd-wpb reset-last-child wd-rs-672b78030ce74 text-left color-scheme-light\">\n\t\t\t<p style=\"text-align: center;\"><span style=\"color: #ffffff;\"><strong>Phone:<\/strong><\/span> +90 530 251 55 40<br \/>\n<span style=\"color: #ffffff;\"><strong>E-mail<\/strong><\/span> info@brezzasofa.com<\/p>\n\t\t<\/div>\n\t\t<\/div><\/div><\/div><div class=\"wpb_column vc_column_container vc_col-sm-3\"><div class=\"vc_column-inner\"><div class=\"wpb_wrapper\">\t\t\t<div class=\"info-box-wrapper\">\n\t\t\t\t<div id=\"wd-65eb3142319ba\" class=\"wd-rs-65eb3142319ba wd-info-box wd-wpb text-center box-icon-align-left box-style- color-scheme-light wd-bg-none wd-items-top vc_custom_1709912391390\">\n\t\t\t\t\t\t\t\t\t\t<div class=\"info-box-content\">\n\t\t\t\t\t\t<h4 class=\"info-box-title title box-title-style-default wd-fontsize-s\">SHOWROOM<\/h4>\t\t\t\t\t\t<div class=\"info-box-inner set-cont-mb-s reset-last-child\"><p>Mobiliyum AVM B Etap No: 23<br \/>\n\u0130neg\u00f6l\/Bursa\/T\u00fcrkiye<\/p>\n<\/div>\n\n\t\t\t\t\t\t\t\t\t\t\t<\/div>\n\n\t\t\t\t\t\n\t\t\t\t\t\t\t\t\t<\/div>\n\t\t\t<\/div>\n\t\t\t\t<div id=\"wd-672b77fa93137\" class=\"wd-text-block wd-wpb reset-last-child wd-rs-672b77fa93137 text-left color-scheme-light\">\n\t\t\t<p style=\"text-align: center;\"><span style=\"color: #ffffff;\"><strong>Phone:<\/strong><\/span> 00 90 (501) 341 75 77<br \/>\n<span style=\"color: #ffffff;\"><strong>E-mail<\/strong><\/span> export@brezzasofa.com<\/p>\n\t\t<\/div>\n\t\t<\/div><\/div><\/div><div class=\"wpb_column vc_column_container vc_col-sm-3\"><div class=\"vc_column-inner\"><div class=\"wpb_wrapper\"><\/div><\/div><\/div><\/div><\/div><\/div><\/div><\/div><div class=\"vc_row-full-width vc_clearfix\"><\/div><div data-vc-full-width=\"true\" data-vc-full-width-init=\"false\" class=\"vc_row wpb_row vc_row-fluid vc_custom_1709911128346 vc_row-has-fill vc_row-o-content-middle vc_row-flex wd-rs-65eb2c532cf2d\"><div class=\"wpb_column vc_column_container vc_col-sm-12 vc_col-lg-4 vc_col-md-4 vc_col-xs-12 wd-rs-6125f2fa74bd9\"><div class=\"vc_column-inner vc_custom_1629876989711\"><div class=\"wpb_wrapper\">\n\t\t<div id=\"wd-65e9c3914d17f\" class=\"title-wrapper wd-wpb set-mb-s reset-last-child  wd-rs-65e9c3914d17f wd-title-color-primary wd-title-style-default text-left vc_custom_1709818780802 wd-width-enabled wd-underline-colored\" style=\"--wd-max-width: 90%;\">\n\t\t\t\t\t\t\t<div class=\"title-subtitle  subtitle-color-primary font-default subtitle-style-default wd-font-weight-600 wd-fontsize-xs\">BREZZA SOFA<\/div>\n\t\t\t\n\t\t\t<div class=\"liner-continer\">\n\t\t\t\t<h4 class=\"woodmart-title-container title  wd-font-weight- wd-fontsize-xxl\" >About Us<\/h4>\n\t\t\t\t\t\t\t<\/div>\n\t\t\t\n\t\t\t\n\t\t\t\n\t\t<\/div>\n\t\t\n\t\t<\/div><\/div><\/div><div class=\"wpb_column vc_column_container vc_col-sm-6 vc_col-lg-offset-1 vc_col-lg-3 vc_col-md-4 wd-rs-6125f2f5a2779\"><div class=\"vc_column-inner vc_custom_1629876984854\"><div class=\"wpb_wrapper\">\t\t\t<div class=\"info-box-wrapper\">\n\t\t\t\t<div id=\"wd-65e9be7e7ee88\" class=\"wd-rs-65e9be7e7ee88 wd-info-box wd-wpb text-left box-icon-align-left box-style- color-scheme- wd-bg-none wd-items-top vc_custom_1709817482717\">\n\t\t\t\t\t\t\t\t\t\t<div class=\"info-box-content\">\n\t\t\t\t\t\t<h4 class=\"info-box-title title box-title-style-default wd-fontsize-m\">Our Mission<\/h4>\t\t\t\t\t\t<div class=\"info-box-inner set-cont-mb-s reset-last-child\"><p>\u0130nsanlar\u0131n ya\u015famlar\u0131na konfor ve estetik katmay\u0131 hedefleyerek, koltuk tak\u0131mlar\u0131m\u0131z\u0131 \u00f6zenle tasarlamak ve \u00fcretmek.<\/p>\n<\/div>\n\n\t\t\t\t\t\t\t\t\t\t\t<\/div>\n\n\t\t\t\t\t\t\t\t\t\t\t<a class=\"wd-info-box-link wd-fill\" aria-label=\"Infobox link\" href=\"#\" title=\"\"><\/a>\n\t\t\t\t\t\n\t\t\t\t\t\t\t\t\t<\/div>\n\t\t\t<\/div>\n\t\t<\/div><\/div><\/div><div class=\"wpb_column vc_column_container vc_col-sm-6 vc_col-lg-offset-1 vc_col-lg-3 vc_col-md-4 wd-rs-6125f2efc6c08\"><div class=\"vc_column-inner vc_custom_1629876980184\"><div class=\"wpb_wrapper\">\t\t\t<div class=\"info-box-wrapper\">\n\t\t\t\t<div id=\"wd-65e9be90828ba\" class=\"wd-rs-65e9be90828ba wd-info-box wd-wpb text-left box-icon-align-left box-style- color-scheme- wd-bg-none wd-items-top vc_custom_1709817495172\">\n\t\t\t\t\t\t\t\t\t\t<div class=\"info-box-content\">\n\t\t\t\t\t\t<h4 class=\"info-box-title title box-title-style-default wd-fontsize-m\">Our Vision<\/h4>\t\t\t\t\t\t<div class=\"info-box-inner set-cont-mb-s reset-last-child\"><p>Gelece\u011fin trendlerini yakalayarak, herkesin tarz\u0131na uygun koltuklar sunmay\u0131 ve s\u00fcrd\u00fcr\u00fclebilir bir gelecek i\u00e7in \u00e7evresel sorumlulu\u011fumuzu yerine getirmek.<\/p>\n<\/div>\n\n\t\t\t\t\t\t\t\t\t\t\t<\/div>\n\n\t\t\t\t\t\t\t\t\t\t\t<a class=\"wd-info-box-link wd-fill\" aria-label=\"Infobox link\" href=\"#\" title=\"\"><\/a>\n\t\t\t\t\t\n\t\t\t\t\t\t\t\t\t<\/div>\n\t\t\t<\/div>\n\t\t<\/div><\/div><\/div><\/div><div class=\"vc_row-full-width vc_clearfix\"><\/div>\n<\/div>","protected":false},"excerpt":{"rendered":"gps devices B\u0130ZE ULA\u015eIN \u0130leti\u015fim Bilgilerimiz FABR\u0130KA Cumhuriyet Mh. \u00c7al\u0131kavak Sk. No: 11\/1 \u0130neg\u00f6l\/Bursa\/T\u00fcrkiye Telefon: +90 530 251 55 40","protected":false},"author":1,"featured_media":0,"parent":0,"menu_order":0,"comment_status":"closed","ping_status":"closed","template":"","meta":{"footnotes":""},"class_list":["post-5288","page","type-page","status-publish","hentry"],"yoast_head":"<!-- This site is optimized with the Yoast SEO plugin v23.3 - https:\/\/yoast.com\/wordpress\/plugins\/seo\/ -->\n<title>\u0130leti\u015fim &#187; Brezza Sofa<\/title>\n<meta name=\"robots\" content=\"index, follow, max-snippet:-1, max-image-preview:large, max-video-preview:-1\" \/>\n<link rel=\"canonical\" href=\"https:\/\/www.brezzasofa.com\/en\/iletisim\/\" \/>\n<meta property=\"og:locale\" content=\"en_GB\" \/>\n<meta property=\"og:type\" content=\"article\" \/>\n<meta property=\"og:title\" content=\"\u0130leti\u015fim &#187; Brezza Sofa\" \/>\n<meta property=\"og:url\" content=\"https:\/\/www.brezzasofa.com\/en\/iletisim\/\" \/>\n<meta property=\"og:site_name\" content=\"Brezza Sofa\" \/>\n<meta property=\"article:publisher\" content=\"https:\/\/www.facebook.com\/brezzasofa\/\" \/>\n<meta property=\"article:modified_time\" content=\"2024-11-06T14:08:40+00:00\" \/>\n<meta name=\"twitter:card\" content=\"summary_large_image\" \/>\n<meta name=\"twitter:label1\" content=\"Estimated reading time\" \/>\n\t<meta name=\"twitter:data1\" content=\"3 minutes\" \/>\n<script type=\"application\/ld+json\" class=\"yoast-schema-graph\">{\"@context\":\"https:\/\/schema.org\",\"@graph\":[{\"@type\":\"WebPage\",\"@id\":\"https:\/\/www.brezzasofa.com\/iletisim\/\",\"url\":\"https:\/\/www.brezzasofa.com\/iletisim\/\",\"name\":\"\u0130leti\u015fim &#187; Brezza Sofa\",\"isPartOf\":{\"@id\":\"https:\/\/www.brezzasofa.com\/#website\"},\"datePublished\":\"2021-08-25T09:00:10+00:00\",\"dateModified\":\"2024-11-06T14:08:40+00:00\",\"breadcrumb\":{\"@id\":\"https:\/\/www.brezzasofa.com\/iletisim\/#breadcrumb\"},\"inLanguage\":\"en-GB\",\"potentialAction\":[{\"@type\":\"ReadAction\",\"target\":[\"https:\/\/www.brezzasofa.com\/iletisim\/\"]}]},{\"@type\":\"BreadcrumbList\",\"@id\":\"https:\/\/www.brezzasofa.com\/iletisim\/#breadcrumb\",\"itemListElement\":[{\"@type\":\"ListItem\",\"position\":1,\"name\":\"Anasayfa\",\"item\":\"https:\/\/www.brezzasofa.com\/\"},{\"@type\":\"ListItem\",\"position\":2,\"name\":\"\u0130leti\u015fim\"}]},{\"@type\":\"WebSite\",\"@id\":\"https:\/\/www.brezzasofa.com\/#website\",\"url\":\"https:\/\/www.brezzasofa.com\/\",\"name\":\"Brezza Sofa\",\"description\":\"Memnuniyetiniz \u00f6nceli\u011fimizdir.\",\"publisher\":{\"@id\":\"https:\/\/www.brezzasofa.com\/#organization\"},\"alternateName\":\"brezza\",\"potentialAction\":[{\"@type\":\"SearchAction\",\"target\":{\"@type\":\"EntryPoint\",\"urlTemplate\":\"https:\/\/www.brezzasofa.com\/?s={search_term_string}\"},\"query-input\":\"required name=search_term_string\"}],\"inLanguage\":\"en-GB\"},{\"@type\":\"Organization\",\"@id\":\"https:\/\/www.brezzasofa.com\/#organization\",\"name\":\"Brezza Sofa\",\"alternateName\":\"brezza\",\"url\":\"https:\/\/www.brezzasofa.com\/\",\"logo\":{\"@type\":\"ImageObject\",\"inLanguage\":\"en-GB\",\"@id\":\"https:\/\/www.brezzasofa.com\/#\/schema\/logo\/image\/\",\"url\":\"https:\/\/www.brezzasofa.com\/wp-content\/uploads\/2024\/02\/logo.svg\",\"contentUrl\":\"https:\/\/www.brezzasofa.com\/wp-content\/uploads\/2024\/02\/logo.svg\",\"width\":625,\"height\":250,\"caption\":\"Brezza Sofa\"},\"image\":{\"@id\":\"https:\/\/www.brezzasofa.com\/#\/schema\/logo\/image\/\"},\"sameAs\":[\"https:\/\/www.facebook.com\/brezzasofa\/\",\"https:\/\/www.instagram.com\/brezzasofa\/\"]}]}<\/script>\n<!-- \/ Yoast SEO plugin. -->","yoast_head_json":{"title":"\u0130leti\u015fim &#187; Brezza Sofa","robots":{"index":"index","follow":"follow","max-snippet":"max-snippet:-1","max-image-preview":"max-image-preview:large","max-video-preview":"max-video-preview:-1"},"canonical":"https:\/\/www.brezzasofa.com\/en\/iletisim\/","og_locale":"en_GB","og_type":"article","og_title":"\u0130leti\u015fim &#187; Brezza Sofa","og_url":"https:\/\/www.brezzasofa.com\/en\/iletisim\/","og_site_name":"Brezza Sofa","article_publisher":"https:\/\/www.facebook.com\/brezzasofa\/","article_modified_time":"2024-11-06T14:08:40+00:00","twitter_card":"summary_large_image","twitter_misc":{"Estimated reading time":"3 minutes"},"schema":{"@context":"https:\/\/schema.org","@graph":[{"@type":"WebPage","@id":"https:\/\/www.brezzasofa.com\/iletisim\/","url":"https:\/\/www.brezzasofa.com\/iletisim\/","name":"\u0130leti\u015fim &#187; Brezza Sofa","isPartOf":{"@id":"https:\/\/www.brezzasofa.com\/#website"},"datePublished":"2021-08-25T09:00:10+00:00","dateModified":"2024-11-06T14:08:40+00:00","breadcrumb":{"@id":"https:\/\/www.brezzasofa.com\/iletisim\/#breadcrumb"},"inLanguage":"en-GB","potentialAction":[{"@type":"ReadAction","target":["https:\/\/www.brezzasofa.com\/iletisim\/"]}]},{"@type":"BreadcrumbList","@id":"https:\/\/www.brezzasofa.com\/iletisim\/#breadcrumb","itemListElement":[{"@type":"ListItem","position":1,"name":"Anasayfa","item":"https:\/\/www.brezzasofa.com\/"},{"@type":"ListItem","position":2,"name":"\u0130leti\u015fim"}]},{"@type":"WebSite","@id":"https:\/\/www.brezzasofa.com\/#website","url":"https:\/\/www.brezzasofa.com\/","name":"Brezza Sofa","description":"Memnuniyetiniz \u00f6nceli\u011fimizdir.","publisher":{"@id":"https:\/\/www.brezzasofa.com\/#organization"},"alternateName":"brezza","potentialAction":[{"@type":"SearchAction","target":{"@type":"EntryPoint","urlTemplate":"https:\/\/www.brezzasofa.com\/?s={search_term_string}"},"query-input":"required name=search_term_string"}],"inLanguage":"en-GB"},{"@type":"Organization","@id":"https:\/\/www.brezzasofa.com\/#organization","name":"Brezza Sofa","alternateName":"brezza","url":"https:\/\/www.brezzasofa.com\/","logo":{"@type":"ImageObject","inLanguage":"en-GB","@id":"https:\/\/www.brezzasofa.com\/#\/schema\/logo\/image\/","url":"https:\/\/www.brezzasofa.com\/wp-content\/uploads\/2024\/02\/logo.svg","contentUrl":"https:\/\/www.brezzasofa.com\/wp-content\/uploads\/2024\/02\/logo.svg","width":625,"height":250,"caption":"Brezza Sofa"},"image":{"@id":"https:\/\/www.brezzasofa.com\/#\/schema\/logo\/image\/"},"sameAs":["https:\/\/www.facebook.com\/brezzasofa\/","https:\/\/www.instagram.com\/brezzasofa\/"]}]}},"_links":{"self":[{"href":"https:\/\/www.brezzasofa.com\/en\/wp-json\/wp\/v2\/pages\/5288","targetHints":{"allow":["GET"]}}],"collection":[{"href":"https:\/\/www.brezzasofa.com\/en\/wp-json\/wp\/v2\/pages"}],"about":[{"href":"https:\/\/www.brezzasofa.com\/en\/wp-json\/wp\/v2\/types\/page"}],"author":[{"embeddable":true,"href":"https:\/\/www.brezzasofa.com\/en\/wp-json\/wp\/v2\/users\/1"}],"replies":[{"embeddable":true,"href":"https:\/\/www.brezzasofa.com\/en\/wp-json\/wp\/v2\/comments?post=5288"}],"version-history":[{"count":23,"href":"https:\/\/www.brezzasofa.com\/en\/wp-json\/wp\/v2\/pages\/5288\/revisions"}],"predecessor-version":[{"id":9986,"href":"https:\/\/www.brezzasofa.com\/en\/wp-json\/wp\/v2\/pages\/5288\/revisions\/9986"}],"wp:attachment":[{"href":"https:\/\/www.brezzasofa.com\/en\/wp-json\/wp\/v2\/media?parent=5288"}],"curies":[{"name":"wp","href":"https:\/\/api.w.org\/{rel}","templated":true}]}}