{"id":9800,"date":"2024-03-07T12:58:04","date_gmt":"2024-03-07T12:58:04","guid":{"rendered":"http:\/\/www.brezzasofa.com\/?page_id=9800"},"modified":"2024-10-05T14:40:38","modified_gmt":"2024-10-05T14:40:38","slug":"hakkimizda","status":"publish","type":"page","link":"https:\/\/www.brezzasofa.com\/en\/hakkimizda\/","title":{"rendered":"About Us"},"content":{"rendered":"<div class=\"wpb-content-wrapper\"><div class=\"vc_row wpb_row vc_row-fluid\"><div class=\"wpb_column vc_column_container vc_col-sm-12\"><div class=\"vc_column-inner\"><div class=\"wpb_wrapper\">\n\t\t<div id=\"wd-65e9c602855af\" class=\"title-wrapper wd-wpb set-mb-s reset-last-child  wd-rs-65e9c602855af wd-title-color-primary wd-title-style-default text-center vc_custom_1709819404506 wd-width-enabled wd-underline-colored\" style=\"--wd-max-width: 90%;\">\n\t\t\t\t\t\t\t<div class=\"title-subtitle  subtitle-color-primary font-default subtitle-style-default wd-font-weight-600 wd-fontsize-xs\">BREZZA SOFA<\/div>\n\t\t\t\n\t\t\t<div class=\"liner-continer\">\n\t\t\t\t<h4 class=\"woodmart-title-container title  wd-font-weight- wd-fontsize-xxl\" >Who We Are?<\/h4>\n\t\t\t\t\t\t\t<\/div>\n\t\t\t\n\t\t\t\n\t\t\t\n\t\t<\/div>\n\t\t\n\t\t<div class=\"vc_row wpb_row vc_inner vc_row-fluid\"><div class=\"wpb_column vc_column_container vc_col-sm-2\"><div class=\"vc_column-inner\"><div class=\"wpb_wrapper\"><\/div><\/div><\/div><div class=\"wpb_column vc_column_container vc_col-sm-4\"><div class=\"vc_column-inner\"><div class=\"wpb_wrapper\">\t\t\t<div class=\"info-box-wrapper\">\n\t\t\t\t<div id=\"wd-65eb9fe3548df\" class=\"wd-rs-65eb9fe3548df wd-info-box wd-wpb text-left box-icon-align-left box-style- color-scheme- wd-bg-none wd-items-top vc_custom_1709940717333\">\n\t\t\t\t\t\t\t\t\t\t<div class=\"info-box-content\">\n\t\t\t\t\t\t\t\t\t\t\t\t<div class=\"info-box-inner set-cont-mb-s reset-last-child\"><p>Koltuk D\u00fcnyas\u0131 olarak, ya\u015fam alanlar\u0131n\u0131za katma de\u011fer yaratmak i\u00e7in gururla ve tutkuyla \u00e7al\u0131\u015f\u0131yoruz. Her bir koltu\u011fumuz, i\u00e7 mimariye ve ya\u015fam tarz\u0131n\u0131za benzersiz bir dokunu\u015f ekleyerek, evinizin veya i\u015fyerinizin ruhunu yans\u0131t\u0131r. M\u00fc\u015fterilerimize sundu\u011fumuz y\u00fcksek kaliteli ve \u015f\u0131k koltuklar, sadece bir mobilya par\u00e7as\u0131 de\u011fil, ayn\u0131 zamanda ya\u015fam tarz\u0131n\u0131z\u0131n bir yans\u0131mas\u0131d\u0131r.<\/p>\n<\/div>\n\n\t\t\t\t\t\t\t\t\t\t\t<\/div>\n\n\t\t\t\t\t\n\t\t\t\t\t\t\t\t\t<\/div>\n\t\t\t<\/div>\n\t\t<\/div><\/div><\/div><div class=\"wpb_column vc_column_container vc_col-sm-4\"><div class=\"vc_column-inner\"><div class=\"wpb_wrapper\">\t\t\t<div class=\"info-box-wrapper\">\n\t\t\t\t<div id=\"wd-65eb9fefdcf1b\" class=\"wd-rs-65eb9fefdcf1b wd-info-box wd-wpb text-left box-icon-align-left box-style- color-scheme- wd-bg-none wd-items-top vc_custom_1709940729061\">\n\t\t\t\t\t\t\t\t\t\t<div class=\"info-box-content\">\n\t\t\t\t\t\t\t\t\t\t\t\t<div class=\"info-box-inner set-cont-mb-s reset-last-child\"><p>Her detay\u0131 \u00f6zenle d\u00fc\u015f\u00fcn\u00fclm\u00fc\u015f olan koltuklar\u0131m\u0131z, estetik bir \u00e7ekicili\u011fin yan\u0131 s\u0131ra e\u015fsiz bir konfor sunarak, kullan\u0131c\u0131lar\u0131n\u0131n g\u00fcnl\u00fck ya\u015famlar\u0131n\u0131 daha keyifli hale getirir. Evlerinizi s\u0131cak ve davetkar bir atmosfere d\u00f6n\u00fc\u015ft\u00fcren koltuklar\u0131m\u0131z, i\u015f yerlerinizde de profesyonel ve rahat bir ortam sa\u011flar. Amac\u0131m\u0131z, m\u00fc\u015fterilerimizin taleplerini kar\u015f\u0131lamakla kalmay\u0131p, beklentilerini a\u015farak onlara benzersiz bir deneyim sunmakt\u0131r.<\/p>\n<\/div>\n\n\t\t\t\t\t\t\t\t\t\t\t<\/div>\n\n\t\t\t\t\t\n\t\t\t\t\t\t\t\t\t<\/div>\n\t\t\t<\/div>\n\t\t<\/div><\/div><\/div><div class=\"wpb_column vc_column_container vc_col-sm-2\"><div class=\"vc_column-inner\"><div class=\"wpb_wrapper\"><\/div><\/div><\/div><\/div><\/div><\/div><\/div><\/div><div data-vc-full-width=\"true\" data-vc-full-width-init=\"false\" class=\"vc_row wpb_row vc_row-fluid vc_custom_1709818527782 vc_row-has-fill vc_row-o-content-middle vc_row-flex wd-rs-65e9c2947b6b0\"><div class=\"wpb_column vc_column_container vc_col-sm-12 vc_col-lg-4 vc_col-md-4 vc_col-xs-12 wd-rs-6125f2fa74bd9\"><div class=\"vc_column-inner vc_custom_1629876989711\"><div class=\"wpb_wrapper\">\n\t\t<div id=\"wd-65e9c3914d17f\" class=\"title-wrapper wd-wpb set-mb-s reset-last-child  wd-rs-65e9c3914d17f wd-title-color-primary wd-title-style-default text-left vc_custom_1709818780802 wd-width-enabled wd-underline-colored\" style=\"--wd-max-width: 90%;\">\n\t\t\t\t\t\t\t<div class=\"title-subtitle  subtitle-color-primary font-default subtitle-style-default wd-font-weight-600 wd-fontsize-xs\">BREZZA SOFA<\/div>\n\t\t\t\n\t\t\t<div class=\"liner-continer\">\n\t\t\t\t<h4 class=\"woodmart-title-container title  wd-font-weight- wd-fontsize-xxl\" >About Us<\/h4>\n\t\t\t\t\t\t\t<\/div>\n\t\t\t\n\t\t\t\n\t\t\t\n\t\t<\/div>\n\t\t\n\t\t<\/div><\/div><\/div><div class=\"wpb_column vc_column_container vc_col-sm-6 vc_col-lg-offset-1 vc_col-lg-3 vc_col-md-4 wd-rs-6125f2f5a2779\"><div class=\"vc_column-inner vc_custom_1629876984854\"><div class=\"wpb_wrapper\">\t\t\t<div class=\"info-box-wrapper\">\n\t\t\t\t<div id=\"wd-65e9be7e7ee88\" class=\"wd-rs-65e9be7e7ee88 wd-info-box wd-wpb text-left box-icon-align-left box-style- color-scheme- wd-bg-none wd-items-top vc_custom_1709817482717\">\n\t\t\t\t\t\t\t\t\t\t<div class=\"info-box-content\">\n\t\t\t\t\t\t<h4 class=\"info-box-title title box-title-style-default wd-fontsize-m\">Our Mission<\/h4>\t\t\t\t\t\t<div class=\"info-box-inner set-cont-mb-s reset-last-child\"><p>\u0130nsanlar\u0131n ya\u015famlar\u0131na konfor ve estetik katmay\u0131 hedefleyerek, koltuk tak\u0131mlar\u0131m\u0131z\u0131 \u00f6zenle tasarlamak ve \u00fcretmek.<\/p>\n<\/div>\n\n\t\t\t\t\t\t\t\t\t\t\t<\/div>\n\n\t\t\t\t\t\t\t\t\t\t\t<a class=\"wd-info-box-link wd-fill\" aria-label=\"Infobox link\" href=\"#\" title=\"\"><\/a>\n\t\t\t\t\t\n\t\t\t\t\t\t\t\t\t<\/div>\n\t\t\t<\/div>\n\t\t<\/div><\/div><\/div><div class=\"wpb_column vc_column_container vc_col-sm-6 vc_col-lg-offset-1 vc_col-lg-3 vc_col-md-4 wd-rs-6125f2efc6c08\"><div class=\"vc_column-inner vc_custom_1629876980184\"><div class=\"wpb_wrapper\">\t\t\t<div class=\"info-box-wrapper\">\n\t\t\t\t<div id=\"wd-65e9be90828ba\" class=\"wd-rs-65e9be90828ba wd-info-box wd-wpb text-left box-icon-align-left box-style- color-scheme- wd-bg-none wd-items-top vc_custom_1709817495172\">\n\t\t\t\t\t\t\t\t\t\t<div class=\"info-box-content\">\n\t\t\t\t\t\t<h4 class=\"info-box-title title box-title-style-default wd-fontsize-m\">Our Vision<\/h4>\t\t\t\t\t\t<div class=\"info-box-inner set-cont-mb-s reset-last-child\"><p>Gelece\u011fin trendlerini yakalayarak, herkesin tarz\u0131na uygun koltuklar sunmay\u0131 ve s\u00fcrd\u00fcr\u00fclebilir bir gelecek i\u00e7in \u00e7evresel sorumlulu\u011fumuzu yerine getirmek.<\/p>\n<\/div>\n\n\t\t\t\t\t\t\t\t\t\t\t<\/div>\n\n\t\t\t\t\t\t\t\t\t\t\t<a class=\"wd-info-box-link wd-fill\" aria-label=\"Infobox link\" href=\"#\" title=\"\"><\/a>\n\t\t\t\t\t\n\t\t\t\t\t\t\t\t\t<\/div>\n\t\t\t<\/div>\n\t\t<\/div><\/div><\/div><\/div><div class=\"vc_row-full-width vc_clearfix\"><\/div><div class=\"vc_row wpb_row vc_row-fluid vc_custom_1709818979968 wd-rs-65e9c45bbd2de\"><div class=\"wpb_column vc_column_container vc_col-sm-12 vc_col-has-fill text-center wd-rs-65e9c0d9ea893\"><div class=\"vc_column-inner vc_custom_1709818081981\"><div class=\"wpb_wrapper\">\n\t\t<div id=\"wd-65e9c01dcd849\" class=\"title-wrapper wd-wpb set-mb-s reset-last-child  wd-rs-65e9c01dcd849 wd-title-color-white wd-title-style-default text-center  wd-width-custom wd-underline-colored\">\n\t\t\t\n\t\t\t<div class=\"liner-continer\">\n\t\t\t\t<h4 class=\"woodmart-title-container title  wd-font-weight- wd-fontsize-xxl\" >Her \u015fey konforunuz i\u00e7in...<\/h4>\n\t\t\t\t\t\t\t<\/div>\n\t\t\t\n\t\t\t\n\t\t\t\n\t\t<\/div>\n\t\t\n\t\t<div id=\"wd-65e9bf90de3ba\" class=\"wd-rs-65e9bf90de3ba  wd-button-wrapper text-center inline-element\"><a href=\"\/en\/urunler\/\" title=\"\" class=\"btn btn-color-primary btn-style-default btn-style-rectangle btn-size-default btn-icon-pos-left\">\u00dcR\u00dcNLER\u0130M\u0130Z<span class=\"wd-btn-icon\"><span class=\"wd-icon fas fa-envelope\"><\/span><\/span><\/a><\/div><\/div><\/div><\/div><\/div><div class=\"vc_row wpb_row vc_row-fluid vc_custom_1709818558532 wd-rs-65e9c2b4c5f2f\"><div class=\"wpb_column vc_column_container vc_col-sm-6 vc_col-lg-3 vc_col-md-6 vc_col-xs-12\"><div class=\"vc_column-inner vc_custom_1615562407316\"><div class=\"wpb_wrapper\">\t\t\t<div class=\"info-box-wrapper\">\n\t\t\t\t<div id=\"wd-65e9c0fd75cdd\" class=\"wd-rs-65e9c0fd75cdd wd-info-box wd-wpb text-left box-icon-align-top box-style- color-scheme- wd-bg-none vc_custom_1709818147746\">\n\t\t\t\t\t\t\t\t\t\t\t<div class=\"box-icon-wrapper  box-with-text text-size-default box-icon-simple\">\n\t\t\t\t\t\t\t<div class=\"info-box-icon\">\n\n\t\t\t\t\t\t\t\t\t\t\t\t\t\t\t13\t\t\t\t\t\t\t\n\t\t\t\t\t\t\t<\/div>\n\t\t\t\t\t\t<\/div>\n\t\t\t\t\t\t\t\t\t\t<div class=\"info-box-content\">\n\t\t\t\t\t\t<h4 class=\"info-box-title title box-title-style-default wd-fontsize-m\">Y\u0131ll\u0131k tecr\u00fcbe<\/h4>\t\t\t\t\t\t<div class=\"info-box-inner set-cont-mb-s reset-last-child\"><p>Bu metin haz\u0131rlan\u0131yor. Anlay\u0131\u015f\u0131n\u0131z i\u00e7in te\u015fekk\u00fcr ederiz.<\/p>\n<\/div>\n\n\t\t\t\t\t\t\t\t\t\t\t<\/div>\n\n\t\t\t\t\t\n\t\t\t\t\t\t\t\t\t<\/div>\n\t\t\t<\/div>\n\t\t<\/div><\/div><\/div><div class=\"wpb_column vc_column_container vc_col-sm-6 vc_col-lg-3 vc_col-md-6 vc_col-xs-12\"><div class=\"vc_column-inner vc_custom_1615562417803\"><div class=\"wpb_wrapper\">\t\t\t<div class=\"info-box-wrapper\">\n\t\t\t\t<div id=\"wd-65e9c124afbac\" class=\"wd-rs-65e9c124afbac wd-info-box wd-wpb text-left box-icon-align-top box-style- color-scheme- wd-bg-none vc_custom_1709818172224\">\n\t\t\t\t\t\t\t\t\t\t\t<div class=\"box-icon-wrapper  box-with-text text-size-default box-icon-simple\">\n\t\t\t\t\t\t\t<div class=\"info-box-icon\">\n\n\t\t\t\t\t\t\t\t\t\t\t\t\t\t\t18+\t\t\t\t\t\t\t\n\t\t\t\t\t\t\t<\/div>\n\t\t\t\t\t\t<\/div>\n\t\t\t\t\t\t\t\t\t\t<div class=\"info-box-content\">\n\t\t\t\t\t\t<h4 class=\"info-box-title title box-title-style-default wd-fontsize-m\">\u00dclkeye \u0130hracat<\/h4>\t\t\t\t\t\t<div class=\"info-box-inner set-cont-mb-s reset-last-child\"><p>Bu metin haz\u0131rlan\u0131yor. Anlay\u0131\u015f\u0131n\u0131z i\u00e7in te\u015fekk\u00fcr ederiz.<\/p>\n<\/div>\n\n\t\t\t\t\t\t\t\t\t\t\t<\/div>\n\n\t\t\t\t\t\n\t\t\t\t\t\t\t\t\t<\/div>\n\t\t\t<\/div>\n\t\t<\/div><\/div><\/div><div class=\"wpb_column vc_column_container vc_col-sm-6 vc_col-lg-3 vc_col-md-6 vc_col-xs-12\"><div class=\"vc_column-inner vc_custom_1615562429889\"><div class=\"wpb_wrapper\">\t\t\t<div class=\"info-box-wrapper\">\n\t\t\t\t<div id=\"wd-65e9c16207a17\" class=\"wd-rs-65e9c16207a17 wd-info-box wd-wpb text-left box-icon-align-top box-style- color-scheme- wd-bg-none vc_custom_1709818219432\">\n\t\t\t\t\t\t\t\t\t\t\t<div class=\"box-icon-wrapper  box-with-text text-size-default box-icon-simple\">\n\t\t\t\t\t\t\t<div class=\"info-box-icon\">\n\n\t\t\t\t\t\t\t\t\t\t\t\t\t\t\t42\t\t\t\t\t\t\t\n\t\t\t\t\t\t\t<\/div>\n\t\t\t\t\t\t<\/div>\n\t\t\t\t\t\t\t\t\t\t<div class=\"info-box-content\">\n\t\t\t\t\t\t<h4 class=\"info-box-title title box-title-style-default wd-fontsize-m\">Personel<\/h4>\t\t\t\t\t\t<div class=\"info-box-inner set-cont-mb-s reset-last-child\"><p>Bu metin haz\u0131rlan\u0131yor. Anlay\u0131\u015f\u0131n\u0131z i\u00e7in te\u015fekk\u00fcr ederiz.<\/p>\n<\/div>\n\n\t\t\t\t\t\t\t\t\t\t\t<\/div>\n\n\t\t\t\t\t\n\t\t\t\t\t\t\t\t\t<\/div>\n\t\t\t<\/div>\n\t\t<\/div><\/div><\/div><div class=\"wpb_column vc_column_container vc_col-sm-6 vc_col-lg-3 vc_col-md-6 vc_col-xs-12\"><div class=\"vc_column-inner vc_custom_1615562442499\"><div class=\"wpb_wrapper\">\t\t\t<div class=\"info-box-wrapper\">\n\t\t\t\t<div id=\"wd-65e9c31e0c03f\" class=\"wd-rs-65e9c31e0c03f wd-info-box wd-wpb text-left box-icon-align-top box-style- color-scheme- wd-bg-none vc_custom_1709818672158\">\n\t\t\t\t\t\t\t\t\t\t\t<div class=\"box-icon-wrapper  box-with-text text-size-default box-icon-simple\">\n\t\t\t\t\t\t\t<div class=\"info-box-icon\">\n\n\t\t\t\t\t\t\t\t\t\t\t\t\t\t\t3000m\u00b2\t\t\t\t\t\t\t\n\t\t\t\t\t\t\t<\/div>\n\t\t\t\t\t\t<\/div>\n\t\t\t\t\t\t\t\t\t\t<div class=\"info-box-content\">\n\t\t\t\t\t\t<h4 class=\"info-box-title title box-title-style-default wd-fontsize-m\">\u00dcretim Tesisi<\/h4>\t\t\t\t\t\t<div class=\"info-box-inner set-cont-mb-s reset-last-child\"><p>Bu metin haz\u0131rlan\u0131yor. Anlay\u0131\u015f\u0131n\u0131z i\u00e7in te\u015fekk\u00fcr ederiz.<\/p>\n<\/div>\n\n\t\t\t\t\t\t\t\t\t\t\t<\/div>\n\n\t\t\t\t\t\n\t\t\t\t\t\t\t\t\t<\/div>\n\t\t\t<\/div>\n\t\t<\/div><\/div><\/div><\/div><div data-vc-full-width=\"true\" data-vc-full-width-init=\"false\" class=\"vc_row wpb_row vc_row-fluid vc_custom_1629880214203 vc_row-has-fill vc_row-o-content-bottom vc_row-flex wd-rs-6125ff8ab260d\"><div class=\"wpb_column vc_column_container vc_col-sm-12 vc_col-lg-12 vc_col-md-12 vc_col-xs-12 wd-rs-65e9c0b810eba\"><div class=\"vc_column-inner vc_custom_1709818053772\"><div class=\"wpb_wrapper\">\n\t\t<div id=\"wd-65e9c09d947f8\" class=\"title-wrapper wd-wpb set-mb-s reset-last-child  wd-rs-65e9c09d947f8 wd-title-color-white wd-title-style-default text-center vc_custom_1709818019485 wd-underline-colored\">\n\t\t\t\n\t\t\t<div class=\"liner-continer\">\n\t\t\t\t<h4 class=\"woodmart-title-container title  wd-font-weight- wd-fontsize-xxl\" >Konfor ve \u015f\u0131kl\u0131\u011f\u0131 bir araya getirerek ya\u015fam tarz\u0131n\u0131z\u0131 yans\u0131t\u0131yoruz.<\/h4>\n\t\t\t\t\t\t\t<\/div>\n\t\t\t\n\t\t\t\n\t\t\t\n\t\t<\/div>\n\t\t\n\t\t<\/div><\/div><\/div><\/div><div class=\"vc_row-full-width vc_clearfix\"><\/div>\n<\/div>","protected":false},"excerpt":{"rendered":"BREZZA SOFA Biz Kimiz? Koltuk D\u00fcnyas\u0131 olarak, ya\u015fam alanlar\u0131n\u0131za katma de\u011fer yaratmak i\u00e7in gururla ve tutkuyla \u00e7al\u0131\u015f\u0131yoruz. Her bir koltu\u011fumuz,","protected":false},"author":1,"featured_media":0,"parent":0,"menu_order":0,"comment_status":"closed","ping_status":"closed","template":"","meta":{"footnotes":""},"class_list":["post-9800","page","type-page","status-publish","hentry"],"yoast_head":"<!-- This site is optimized with the Yoast SEO plugin v23.3 - https:\/\/yoast.com\/wordpress\/plugins\/seo\/ -->\n<title>Hakk\u0131m\u0131zda &#187; Brezza Sofa<\/title>\n<meta name=\"robots\" content=\"index, follow, max-snippet:-1, max-image-preview:large, max-video-preview:-1\" \/>\n<link rel=\"canonical\" href=\"https:\/\/www.brezzasofa.com\/en\/hakkimizda\/\" \/>\n<meta property=\"og:locale\" content=\"en_GB\" \/>\n<meta property=\"og:type\" content=\"article\" \/>\n<meta property=\"og:title\" content=\"Hakk\u0131m\u0131zda &#187; Brezza Sofa\" \/>\n<meta property=\"og:url\" content=\"https:\/\/www.brezzasofa.com\/en\/hakkimizda\/\" \/>\n<meta property=\"og:site_name\" content=\"Brezza Sofa\" \/>\n<meta property=\"article:publisher\" content=\"https:\/\/www.facebook.com\/brezzasofa\/\" \/>\n<meta property=\"article:modified_time\" content=\"2024-10-05T14:40:38+00:00\" \/>\n<meta name=\"twitter:card\" content=\"summary_large_image\" \/>\n<meta name=\"twitter:label1\" content=\"Estimated reading time\" \/>\n\t<meta name=\"twitter:data1\" content=\"6 minutes\" \/>\n<script type=\"application\/ld+json\" class=\"yoast-schema-graph\">{\"@context\":\"https:\/\/schema.org\",\"@graph\":[{\"@type\":\"WebPage\",\"@id\":\"https:\/\/www.brezzasofa.com\/hakkimizda\/\",\"url\":\"https:\/\/www.brezzasofa.com\/hakkimizda\/\",\"name\":\"Hakk\u0131m\u0131zda &#187; Brezza Sofa\",\"isPartOf\":{\"@id\":\"https:\/\/www.brezzasofa.com\/#website\"},\"datePublished\":\"2024-03-07T12:58:04+00:00\",\"dateModified\":\"2024-10-05T14:40:38+00:00\",\"breadcrumb\":{\"@id\":\"https:\/\/www.brezzasofa.com\/hakkimizda\/#breadcrumb\"},\"inLanguage\":\"en-GB\",\"potentialAction\":[{\"@type\":\"ReadAction\",\"target\":[\"https:\/\/www.brezzasofa.com\/hakkimizda\/\"]}]},{\"@type\":\"BreadcrumbList\",\"@id\":\"https:\/\/www.brezzasofa.com\/hakkimizda\/#breadcrumb\",\"itemListElement\":[{\"@type\":\"ListItem\",\"position\":1,\"name\":\"Anasayfa\",\"item\":\"https:\/\/www.brezzasofa.com\/\"},{\"@type\":\"ListItem\",\"position\":2,\"name\":\"Hakk\u0131m\u0131zda\"}]},{\"@type\":\"WebSite\",\"@id\":\"https:\/\/www.brezzasofa.com\/#website\",\"url\":\"https:\/\/www.brezzasofa.com\/\",\"name\":\"Brezza Sofa\",\"description\":\"Memnuniyetiniz \u00f6nceli\u011fimizdir.\",\"publisher\":{\"@id\":\"https:\/\/www.brezzasofa.com\/#organization\"},\"alternateName\":\"brezza\",\"potentialAction\":[{\"@type\":\"SearchAction\",\"target\":{\"@type\":\"EntryPoint\",\"urlTemplate\":\"https:\/\/www.brezzasofa.com\/?s={search_term_string}\"},\"query-input\":\"required name=search_term_string\"}],\"inLanguage\":\"en-GB\"},{\"@type\":\"Organization\",\"@id\":\"https:\/\/www.brezzasofa.com\/#organization\",\"name\":\"Brezza Sofa\",\"alternateName\":\"brezza\",\"url\":\"https:\/\/www.brezzasofa.com\/\",\"logo\":{\"@type\":\"ImageObject\",\"inLanguage\":\"en-GB\",\"@id\":\"https:\/\/www.brezzasofa.com\/#\/schema\/logo\/image\/\",\"url\":\"https:\/\/www.brezzasofa.com\/wp-content\/uploads\/2024\/02\/logo.svg\",\"contentUrl\":\"https:\/\/www.brezzasofa.com\/wp-content\/uploads\/2024\/02\/logo.svg\",\"width\":625,\"height\":250,\"caption\":\"Brezza Sofa\"},\"image\":{\"@id\":\"https:\/\/www.brezzasofa.com\/#\/schema\/logo\/image\/\"},\"sameAs\":[\"https:\/\/www.facebook.com\/brezzasofa\/\",\"https:\/\/www.instagram.com\/brezzasofa\/\"]}]}<\/script>\n<!-- \/ Yoast SEO plugin. -->","yoast_head_json":{"title":"Hakk\u0131m\u0131zda &#187; Brezza Sofa","robots":{"index":"index","follow":"follow","max-snippet":"max-snippet:-1","max-image-preview":"max-image-preview:large","max-video-preview":"max-video-preview:-1"},"canonical":"https:\/\/www.brezzasofa.com\/en\/hakkimizda\/","og_locale":"en_GB","og_type":"article","og_title":"Hakk\u0131m\u0131zda &#187; Brezza Sofa","og_url":"https:\/\/www.brezzasofa.com\/en\/hakkimizda\/","og_site_name":"Brezza Sofa","article_publisher":"https:\/\/www.facebook.com\/brezzasofa\/","article_modified_time":"2024-10-05T14:40:38+00:00","twitter_card":"summary_large_image","twitter_misc":{"Estimated reading time":"6 minutes"},"schema":{"@context":"https:\/\/schema.org","@graph":[{"@type":"WebPage","@id":"https:\/\/www.brezzasofa.com\/hakkimizda\/","url":"https:\/\/www.brezzasofa.com\/hakkimizda\/","name":"Hakk\u0131m\u0131zda &#187; Brezza Sofa","isPartOf":{"@id":"https:\/\/www.brezzasofa.com\/#website"},"datePublished":"2024-03-07T12:58:04+00:00","dateModified":"2024-10-05T14:40:38+00:00","breadcrumb":{"@id":"https:\/\/www.brezzasofa.com\/hakkimizda\/#breadcrumb"},"inLanguage":"en-GB","potentialAction":[{"@type":"ReadAction","target":["https:\/\/www.brezzasofa.com\/hakkimizda\/"]}]},{"@type":"BreadcrumbList","@id":"https:\/\/www.brezzasofa.com\/hakkimizda\/#breadcrumb","itemListElement":[{"@type":"ListItem","position":1,"name":"Anasayfa","item":"https:\/\/www.brezzasofa.com\/"},{"@type":"ListItem","position":2,"name":"Hakk\u0131m\u0131zda"}]},{"@type":"WebSite","@id":"https:\/\/www.brezzasofa.com\/#website","url":"https:\/\/www.brezzasofa.com\/","name":"Brezza Sofa","description":"Memnuniyetiniz \u00f6nceli\u011fimizdir.","publisher":{"@id":"https:\/\/www.brezzasofa.com\/#organization"},"alternateName":"brezza","potentialAction":[{"@type":"SearchAction","target":{"@type":"EntryPoint","urlTemplate":"https:\/\/www.brezzasofa.com\/?s={search_term_string}"},"query-input":"required name=search_term_string"}],"inLanguage":"en-GB"},{"@type":"Organization","@id":"https:\/\/www.brezzasofa.com\/#organization","name":"Brezza Sofa","alternateName":"brezza","url":"https:\/\/www.brezzasofa.com\/","logo":{"@type":"ImageObject","inLanguage":"en-GB","@id":"https:\/\/www.brezzasofa.com\/#\/schema\/logo\/image\/","url":"https:\/\/www.brezzasofa.com\/wp-content\/uploads\/2024\/02\/logo.svg","contentUrl":"https:\/\/www.brezzasofa.com\/wp-content\/uploads\/2024\/02\/logo.svg","width":625,"height":250,"caption":"Brezza Sofa"},"image":{"@id":"https:\/\/www.brezzasofa.com\/#\/schema\/logo\/image\/"},"sameAs":["https:\/\/www.facebook.com\/brezzasofa\/","https:\/\/www.instagram.com\/brezzasofa\/"]}]}},"_links":{"self":[{"href":"https:\/\/www.brezzasofa.com\/en\/wp-json\/wp\/v2\/pages\/9800","targetHints":{"allow":["GET"]}}],"collection":[{"href":"https:\/\/www.brezzasofa.com\/en\/wp-json\/wp\/v2\/pages"}],"about":[{"href":"https:\/\/www.brezzasofa.com\/en\/wp-json\/wp\/v2\/types\/page"}],"author":[{"embeddable":true,"href":"https:\/\/www.brezzasofa.com\/en\/wp-json\/wp\/v2\/users\/1"}],"replies":[{"embeddable":true,"href":"https:\/\/www.brezzasofa.com\/en\/wp-json\/wp\/v2\/comments?post=9800"}],"version-history":[{"count":40,"href":"https:\/\/www.brezzasofa.com\/en\/wp-json\/wp\/v2\/pages\/9800\/revisions"}],"predecessor-version":[{"id":9983,"href":"https:\/\/www.brezzasofa.com\/en\/wp-json\/wp\/v2\/pages\/9800\/revisions\/9983"}],"wp:attachment":[{"href":"https:\/\/www.brezzasofa.com\/en\/wp-json\/wp\/v2\/media?parent=9800"}],"curies":[{"name":"wp","href":"https:\/\/api.w.org\/{rel}","templated":true}]}}